{"id":89,"date":"2019-05-23T15:19:49","date_gmt":"2019-05-23T14:19:49","guid":{"rendered":"http:\/\/feha.com-net-tel.de\/?page_id=89"},"modified":"2019-05-24T13:38:53","modified_gmt":"2019-05-24T12:38:53","slug":"89-2","status":"publish","type":"page","link":"https:\/\/ferienhaus-am-park.de\/?page_id=89","title":{"rendered":"Ausstattung"},"content":{"rendered":"\n<div class=\"wp-block-image\"><figure class=\"alignright\"><a href=\"http:\/\/ferienhaus-am-park.de\/wp-content\/uploads\/2019\/05\/837F87A6-3F4D-483A-85B7-A5CDBBF15B22.jpeg\"><img loading=\"lazy\" decoding=\"async\" width=\"300\" height=\"169\" src=\"http:\/\/ferienhaus-am-park.de\/wp-content\/uploads\/2019\/05\/837F87A6-3F4D-483A-85B7-A5CDBBF15B22-300x169.jpeg\" alt=\"\" class=\"wp-image-164\" srcset=\"https:\/\/ferienhaus-am-park.de\/wp-content\/uploads\/2019\/05\/837F87A6-3F4D-483A-85B7-A5CDBBF15B22-300x169.jpeg 300w, https:\/\/ferienhaus-am-park.de\/wp-content\/uploads\/2019\/05\/837F87A6-3F4D-483A-85B7-A5CDBBF15B22-768x432.jpeg 768w, https:\/\/ferienhaus-am-park.de\/wp-content\/uploads\/2019\/05\/837F87A6-3F4D-483A-85B7-A5CDBBF15B22-845x475.jpeg 845w, https:\/\/ferienhaus-am-park.de\/wp-content\/uploads\/2019\/05\/837F87A6-3F4D-483A-85B7-A5CDBBF15B22-150x84.jpeg 150w\" sizes=\"auto, (max-width: 300px) 100vw, 300px\" \/><\/a><\/figure><\/div>\n\n\n\n<p>Genie\u00dfen Sie Ihren\nUrlaub in unserem einzigartigen Ferienhaus. Sie erholen sich &nbsp;in unserem\n90 qm gro\u00dfen Ferienhaus auf zwei Ebenen, welches Sie ganzj\u00e4hrig mieten k\u00f6nnen.<\/p>\n\n\n\n<p><\/p>\n\n\n\n<p>In der oberen Etage erwartet sie ein gro\u00dfes Wohnzimmer mit einer Wohn- und Schlafcouch. Das Highlight ist unsere Kombisauna (finnische Sauna\/Dampfbad). Die Sauna sowie der Duschbereich mit einer Warm-\/Kaltwasserdusche, Schwalldusche kalt, sowie einem Waschtisch mit beleuchtetem Spiegelschrank, befinden sich ebenfalls in der oberen Etage. Sie k\u00f6nnen in der Sauna entspannen, duschen und sich auf der Wohn- und Schlafcouch bei einem Buch, Musik oder TV entspannen und erholen. Die zwei Toiletten sind im Erdgescho\u00df. <\/p>\n\n\n\n<div class=\"wp-block-image\"><figure class=\"alignleft\"><a href=\"http:\/\/ferienhaus-am-park.de\/wp-content\/uploads\/2019\/05\/IMG_0357.jpg\"><img loading=\"lazy\" decoding=\"async\" width=\"225\" height=\"300\" src=\"http:\/\/feha.com-net-tel.de\/wp-content\/uploads\/2019\/05\/IMG_0357-225x300.jpg\" alt=\"\" class=\"wp-image-11\" srcset=\"https:\/\/ferienhaus-am-park.de\/wp-content\/uploads\/2019\/05\/IMG_0357-225x300.jpg 225w, https:\/\/ferienhaus-am-park.de\/wp-content\/uploads\/2019\/05\/IMG_0357-768x1024.jpg 768w, https:\/\/ferienhaus-am-park.de\/wp-content\/uploads\/2019\/05\/IMG_0357-880x1173.jpg 880w, https:\/\/ferienhaus-am-park.de\/wp-content\/uploads\/2019\/05\/IMG_0357-220x293.jpg 220w, https:\/\/ferienhaus-am-park.de\/wp-content\/uploads\/2019\/05\/IMG_0357.jpg 1200w\" sizes=\"auto, (max-width: 225px) 100vw, 225px\" \/><\/a><\/figure><\/div>\n\n\n\n<p>In der unteren Etage befindet sich der Eingangsbereich mit Garderobe und einem einladenden Tresen. Der Schlafraum ist mit einem Doppelbett 140 x 200 cm ausgestattet. Im hinteren Bereich finden sie dann unsere modern ausgestattete K\u00fcche &nbsp;mit K\u00fchlschrank (Gefrierfach inkl.), Elektroherd und Vierzonenceranfeld, Kaffemaschine, Toaster und Wasserkocher. Ein Tisch mit vier St\u00fchlen bietet Platz f\u00fcr gem\u00fctliche Mahlzeiten. Im ganzen Haus ist Fu\u00dfbodenheizung und alle B\u00f6den sind gefliest. <\/p>\n","protected":false},"excerpt":{"rendered":"<p>Genie\u00dfen Sie Ihren Urlaub in unserem einzigartigen Ferienhaus. Sie erholen sich &nbsp;in unserem 90 qm gro\u00dfen Ferienhaus auf zwei Ebenen, welches Sie ganzj\u00e4hrig mieten k\u00f6nnen. In der oberen Etage erwartet sie ein gro\u00dfes Wohnzimmer mit einer Wohn- und Schlafcouch. Das Highlight ist unsere Kombisauna (finnische Sauna\/Dampfbad). Die Sauna sowie der&#8230;<\/p>\n<p> <a class=\"continue-reading-link\" href=\"https:\/\/ferienhaus-am-park.de\/?page_id=89\"><span>Continue reading<\/span><i class=\"crycon-right-dir\"><\/i><\/a> <\/p>\n","protected":false},"author":1,"featured_media":0,"parent":0,"menu_order":0,"comment_status":"closed","ping_status":"closed","template":"","meta":{"footnotes":""},"class_list":["post-89","page","type-page","status-publish","hentry"],"_links":{"self":[{"href":"https:\/\/ferienhaus-am-park.de\/index.php?rest_route=\/wp\/v2\/pages\/89","targetHints":{"allow":["GET"]}}],"collection":[{"href":"https:\/\/ferienhaus-am-park.de\/index.php?rest_route=\/wp\/v2\/pages"}],"about":[{"href":"https:\/\/ferienhaus-am-park.de\/index.php?rest_route=\/wp\/v2\/types\/page"}],"author":[{"embeddable":true,"href":"https:\/\/ferienhaus-am-park.de\/index.php?rest_route=\/wp\/v2\/users\/1"}],"replies":[{"embeddable":true,"href":"https:\/\/ferienhaus-am-park.de\/index.php?rest_route=%2Fwp%2Fv2%2Fcomments&post=89"}],"version-history":[{"count":7,"href":"https:\/\/ferienhaus-am-park.de\/index.php?rest_route=\/wp\/v2\/pages\/89\/revisions"}],"predecessor-version":[{"id":210,"href":"https:\/\/ferienhaus-am-park.de\/index.php?rest_route=\/wp\/v2\/pages\/89\/revisions\/210"}],"wp:attachment":[{"href":"https:\/\/ferienhaus-am-park.de\/index.php?rest_route=%2Fwp%2Fv2%2Fmedia&parent=89"}],"curies":[{"name":"wp","href":"https:\/\/api.w.org\/{rel}","templated":true}]}}