{"id":2,"date":"2016-05-10T03:48:21","date_gmt":"2016-05-10T03:48:21","guid":{"rendered":"http:\/\/feha.com-net-tel.de\/?page_id=2"},"modified":"2019-05-23T16:01:41","modified_gmt":"2019-05-23T15:01:41","slug":"sample-page","status":"publish","type":"page","link":"https:\/\/ferienhaus-am-park.de\/?page_id=2","title":{"rendered":"Lage"},"content":{"rendered":"<p>Unser Ferienhaus bietet Platz f\u00fcr 2 &#8211; 4 Personen. Es befindet sich am Rande der sch\u00f6nen D\u00fcbener Heide, im Landkreis Nordsachsen, in der Gemeinde L\u00f6bnitz .<\/p>\n<p>Die Gemeinde L\u00f6bnitz liegt direkt am Seelhausener See, welcher f\u00fcr Rad- und Wandertouren einl\u00e4dt. Auch der Bitterfelder Goitzschesee ist eine Radtour wert. Dieser schlie\u00dft direkt an unseren Seelhausener See an.<\/p>\n<p>Auch Ausfl\u00fcge nach Leipzig 35 km, Wittenberg 50 km, Dessau 40 km, Dresden 130 km und Berlin 160 km sind empfehlenswert. L\u00f6bnitz ist ein sehr zentraler Startpunkt f\u00fcr interessante Tagesausfl\u00fcge.<\/p>\n<p>In unserem sehr modernen Dorf finden Sie einen Supermarkt, 2 Gastst\u00e4tten, eine Apotheke, einen Arzt und Zahnarzt, einen Friseur, Kosmetik, Physiotherapie sowie eine Kfz Werkstatt.<\/p>\n\n\n<figure><iframe loading=\"lazy\" src=\"https:\/\/www.google.com\/maps\/embed?pb=!1m18!1m12!1m3!1d39670.89617681253!2d12.411723153742018!3d51.57866357866244!2m3!1f0!2f0!3f0!3m2!1i1024!2i768!4f13.1!3m3!1m2!1s0x47a6459482c0754b%3A0xbef3c683bc3ba99d!2zTMO2Ym5pdHo!5e0!3m2!1sde!2sde!4v1558623563312!5m2!1sde!2sde\" width=\"600\" height=\"450\" frameborder=\"0\" style=\"border:0\" allowfullscreen=\"\"><\/iframe><\/figure>\n","protected":false},"excerpt":{"rendered":"<p>Unser Ferienhaus bietet Platz f\u00fcr 2 &#8211; 4 Personen. Es befindet sich am Rande der sch\u00f6nen D\u00fcbener Heide, im Landkreis Nordsachsen, in der Gemeinde L\u00f6bnitz . Die Gemeinde L\u00f6bnitz liegt direkt am Seelhausener See, welcher f\u00fcr Rad- und Wandertouren einl\u00e4dt. Auch der Bitterfelder Goitzschesee ist eine Radtour wert. Dieser schlie\u00dft&#8230;<\/p>\n<p> <a class=\"continue-reading-link\" href=\"https:\/\/ferienhaus-am-park.de\/?page_id=2\"><span>Continue reading<\/span><i class=\"crycon-right-dir\"><\/i><\/a> <\/p>\n","protected":false},"author":1,"featured_media":0,"parent":0,"menu_order":0,"comment_status":"closed","ping_status":"open","template":"","meta":{"footnotes":""},"class_list":["post-2","page","type-page","status-publish","hentry"],"_links":{"self":[{"href":"https:\/\/ferienhaus-am-park.de\/index.php?rest_route=\/wp\/v2\/pages\/2","targetHints":{"allow":["GET"]}}],"collection":[{"href":"https:\/\/ferienhaus-am-park.de\/index.php?rest_route=\/wp\/v2\/pages"}],"about":[{"href":"https:\/\/ferienhaus-am-park.de\/index.php?rest_route=\/wp\/v2\/types\/page"}],"author":[{"embeddable":true,"href":"https:\/\/ferienhaus-am-park.de\/index.php?rest_route=\/wp\/v2\/users\/1"}],"replies":[{"embeddable":true,"href":"https:\/\/ferienhaus-am-park.de\/index.php?rest_route=%2Fwp%2Fv2%2Fcomments&post=2"}],"version-history":[{"count":9,"href":"https:\/\/ferienhaus-am-park.de\/index.php?rest_route=\/wp\/v2\/pages\/2\/revisions"}],"predecessor-version":[{"id":113,"href":"https:\/\/ferienhaus-am-park.de\/index.php?rest_route=\/wp\/v2\/pages\/2\/revisions\/113"}],"wp:attachment":[{"href":"https:\/\/ferienhaus-am-park.de\/index.php?rest_route=%2Fwp%2Fv2%2Fmedia&parent=2"}],"curies":[{"name":"wp","href":"https:\/\/api.w.org\/{rel}","templated":true}]}}