{"id":116,"date":"2019-05-23T16:14:21","date_gmt":"2019-05-23T15:14:21","guid":{"rendered":"http:\/\/feha.com-net-tel.de\/?page_id=116"},"modified":"2025-03-21T15:45:33","modified_gmt":"2025-03-21T14:45:33","slug":"preise-und-kontakt","status":"publish","type":"page","link":"https:\/\/ferienhaus-am-park.de\/?page_id=116","title":{"rendered":"Preise und Kontakt"},"content":{"rendered":"\n<figure class=\"wp-block-table is-style-stripes\"><table><tbody><tr><td><strong>Preise<\/strong> pro Tag<\/td><td><\/td><\/tr><tr><td>Eine Person<\/td><td>70,00 Euro<\/td><\/tr><tr><td>Zwei Personen<\/td><td>105,00 Euro<\/td><\/tr><tr><td>Jeder weitere Person<\/td><td>17,00 Euro<\/td><\/tr><tr><td>Kinder bis 6 Jahre frei<\/td><td><\/td><\/tr><tr><td>Kinder von 7 bis 14 Jahren 50 %<\/td><td><\/td><\/tr><tr><td>Endreinigung, Handt\u00fccher und Bettw\u00e4sche sind im Preis enthalten<\/td><td><\/td><\/tr><tr><td>Die Sauna ist t\u00e4glich f\u00fcr 3 Stunden f\u00fcr einen Unkostenbeitrag f\u00fcr 5,00 Euro nutzbar.<\/td><td><\/td><\/tr><\/tbody><\/table><\/figure>\n\n\n\n<p><\/p>\n\n\n\n<p>Wenn noch Fragen offen sind, kontaktieren Sie uns gern.<br>Wir freuen uns auf Ihren Besuch.<\/p>\n\n\n\n<p><strong>Kontakt: <\/strong><br>Ren\u00e9 H\u00f6hne &#8211; Parkstra\u00dfe 16 &#8211; 04509 L\u00f6bnitz<br>Telefon: 034208\/70417 oder 0176\/45611507<\/p>\n\n\n\r\n<!-- START JS for Form ID: 125 -->\r\n<script type=\"text\/javascript\">\r\njQuery(document).ready(function($) {\r\n\r\n    jQuery(\"#preloader-qbhplq\").fadeOut(500, function() {\r\n        jQuery(\"#ecf-form-qbhplq\").fadeIn(100);\r\n    });\r\n\r\n    Ladda.bind('.ladda-button');\r\n\r\n    $(function() {\r\n\r\n        \r\n        \/* Validation *\/\r\n        $(\"#form-qbhplq\").validate({\r\n            \/* Rules for form validation *\/\r\n            rules: {\r\n                name0:{required: true},email1:{required: true,email: true},text2:{required: true},message3:{required: true,minlength: 10},\r\n\r\n                            },\r\n            \/* Messages for form validation *\/\r\n            messages: {\r\n                name0:{required: \"This field is required\"},email1:{required: \"This field is required\"},text2:{required: \"This field is required\"},message3:{required: \"This field is required\"}            },\r\n            \/* Do not change code below *\/\r\n            errorPlacement: function(error, element) {\r\n                error.insertAfter(element.parent());\r\n            },\r\n\r\n            submitHandler: function(form) {\r\n                                ecf_onsubmit(jQuery('.form-qbhplq'));\r\n\r\n                \r\n            },\r\n\r\n            invalidHandler: function(form) {\r\n                Ladda.stopAll();\r\n            },\r\n\r\n            onkeyup: false,\r\n            onfocusout: false,\r\n            onclick: false\r\n\r\n        });\r\n    });\r\n\r\n\r\n    \/* Form Submit ( Ajax ) *\/\r\n    function ecf_onsubmit(form) {\r\n\r\n        if (form.attr('action') == '#') {\r\n\r\n            data = {};\r\n            eldat = [];\r\n            data['action'] = 'ecf_deliver_mail';\r\n            data['formid'] = '125';\r\n            data['security'] = '4f1017f400';\r\n\r\n\r\n            \r\n            jQuery('input, textarea', form).each(function(key) {\r\n\r\n                items = {};\r\n\r\n                if (typeof $(this).data('type') === 'undefined') {\r\n                    return true;\r\n                }\r\n\r\n\r\n                \r\n                items['type'] = $(this).data('type');\r\n                items['label'] = $(this).data('label');\r\n                items['value'] = this.value;\r\n                items['name'] = this.name;\r\n\r\n                eldat.push(items);\r\n\r\n            });\r\n\r\n\r\n                        data['allelmnt'] = eldat;\r\n\r\n            submitForm();\r\n\r\n            return false;\r\n\r\n        }\r\n\r\n    }\r\n\r\n    \/* Start submitForm\t *\/\r\n    function submitForm() {\r\n\r\n        jQuery.ajax({\r\n            url: 'https:\/\/ferienhaus-am-park.de\/wp-admin\/admin-ajax.php',\r\n            type: 'POST',\r\n            dataType: 'json',\r\n            data: data,\r\n            success: function(data) {\r\n\r\n                if (data.Ok == true) {\r\n\r\n                    $(\"#form-qbhplq\").get(0).reset();\r\n\r\n                    if (data.msg == 'redirect') {\r\n                        window.location = \"\";\r\n                    } else {\r\n                        notifyme('Herzlichen Dank f\u00fcr Ihre Nachricht. Wir melden uns schnellstm\u00f6glich bei Ihnen.', 'n', 'success',\r\n                            'left middle');\r\n                    }\r\n\r\n                } else {\r\n                    notifyme(data.msg, 'n', 'error', 'left middle');\r\n                }\r\n\r\n                Ladda.stopAll();\r\n\r\n            }\r\n        });\r\n\r\n        \r\n    }\r\n\r\n\r\n    \/* Notify *\/\r\n    function notifyme(msg, b, typ, pos) {\r\n        if (b == 'n') {\r\n            b = 'cf-submittedqbhplq';\r\n        } else {\r\n            b = 'atcqbhplq';\r\n        }\r\n\r\n        $(\"#\" + b).gnotify(msg, {\r\n            style: \"nbootstrap\",\r\n            elementPosition: pos,\r\n            className: typ\r\n        });\r\n\r\n        msg = null;\r\n        typ = null;\r\n\r\n    }\r\n\r\n});\r\n<\/script>\r\n<!-- END JS for Form ID: 125 -->\r\n\r\n<!-- START Form Markup for Form ID: 125 -->\r\n<div id=\"preloader-qbhplq\" class=\"ecfpreloader\"><\/div>\r\n<div id=\"ecf-form-qbhplq\" class=\"ecf-body\">\r\n    <form method=\"post\" enctype=\"multipart\/form-data\" action=\"#\" id=\"form-qbhplq\" class=\"ecf-form form-qbhplq\">\r\n        <header>Kontaktieren Sie uns<\/header>        <fieldset>\r\n            <section><label class=\"label\">Name<\/label><label class=\"input\"><input data-type=\"name\" data-label=\"Name\" id=\"name0\" type=\"text\" name=\"name0\" \/><\/label><\/section><section><label class=\"label\">Email<\/label><label class=\"input\"><input data-type=\"email\" data-label=\"Email\" id=\"email1\" type=\"text\" name=\"email1\" \/><\/label><\/section><section><label class=\"label\">Betreff<\/label><label class=\"input\"><input data-type=\"text\" data-label=\"Betreff\" id=\"text2\" type=\"text\" name=\"text2\" \/><\/label><\/section><section><label class=\"label\">Ihre Nachricht an uns<\/label><label class=\"textarea\"><textarea data-type=\"message\" data-label=\"Ihre Nachricht an uns\" id=\"message3\" name=\"message3\" rows=\"7\"><\/textarea><\/label><\/section>        <\/fieldset>\r\n        <footer>\r\n            <button data-style=\"slide-down\" id=\"cf-submittedqbhplq\" class=\"ecfbutton ladda-button\" type=\"submit\" name=\"cf-submittedqbhplq\"><span class=\"ladda-label\">SEND<\/span><\/button>\r\n        <\/footer>\r\n    <\/form>\r\n\r\n    \r\n<\/div>\r\n<!-- END Form Markup for Form ID: 125 -->\r\n\r\n\r\n\t\t\t\t\n","protected":false},"excerpt":{"rendered":"<p>Preise pro Tag Eine Person 70,00 Euro Zwei Personen 105,00 Euro Jeder weitere Person 17,00 Euro Kinder bis 6 Jahre frei Kinder von 7 bis 14 Jahren 50 % Endreinigung, Handt\u00fccher und Bettw\u00e4sche sind im Preis enthalten Die Sauna ist t\u00e4glich f\u00fcr 3 Stunden f\u00fcr einen Unkostenbeitrag f\u00fcr 5,00 Euro&#8230;<\/p>\n<p> <a class=\"continue-reading-link\" href=\"https:\/\/ferienhaus-am-park.de\/?easycontactform=kontaktieren-sie-uns\"><span>Continue reading<\/span><i class=\"crycon-right-dir\"><\/i><\/a> <\/p>\n","protected":false},"author":1,"featured_media":0,"parent":0,"menu_order":0,"comment_status":"closed","ping_status":"closed","template":"","meta":{"footnotes":""},"class_list":["post-116","page","type-page","status-publish","hentry"],"_links":{"self":[{"href":"https:\/\/ferienhaus-am-park.de\/index.php?rest_route=\/wp\/v2\/pages\/116","targetHints":{"allow":["GET"]}}],"collection":[{"href":"https:\/\/ferienhaus-am-park.de\/index.php?rest_route=\/wp\/v2\/pages"}],"about":[{"href":"https:\/\/ferienhaus-am-park.de\/index.php?rest_route=\/wp\/v2\/types\/page"}],"author":[{"embeddable":true,"href":"https:\/\/ferienhaus-am-park.de\/index.php?rest_route=\/wp\/v2\/users\/1"}],"replies":[{"embeddable":true,"href":"https:\/\/ferienhaus-am-park.de\/index.php?rest_route=%2Fwp%2Fv2%2Fcomments&post=116"}],"version-history":[{"count":10,"href":"https:\/\/ferienhaus-am-park.de\/index.php?rest_route=\/wp\/v2\/pages\/116\/revisions"}],"predecessor-version":[{"id":231,"href":"https:\/\/ferienhaus-am-park.de\/index.php?rest_route=\/wp\/v2\/pages\/116\/revisions\/231"}],"wp:attachment":[{"href":"https:\/\/ferienhaus-am-park.de\/index.php?rest_route=%2Fwp%2Fv2%2Fmedia&parent=116"}],"curies":[{"name":"wp","href":"https:\/\/api.w.org\/{rel}","templated":true}]}}